{"id":1418,"date":"2023-08-24T15:38:26","date_gmt":"2023-08-24T15:38:26","guid":{"rendered":"https:\/\/mundocamiones.com\/?post_type=product&#038;p=1418"},"modified":"2023-08-24T15:50:07","modified_gmt":"2023-08-24T15:50:07","slug":"daf-xf-480-ssc-nl-camion-parkingcooler-2-tanques","status":"publish","type":"product","link":"https:\/\/mundocamiones.com\/en\/producto\/daf-xf-480-ssc-nl-camion-parkingcooler-2-tanques\/","title":{"rendered":"DAF  XF 480 SSC \/ NL-CAMI\u00d3N \/ PARKINGCOOLER \/ 2 TANQUES"},"content":{"rendered":"<p><strong>Informaci\u00f3n adicional<\/strong><\/p>\n<p>Cami\u00f3n holand\u00e9s con inspecci\u00f3n t\u00e9cnica v\u00e1lida \/ apk \/ tuv<br \/>\n2 x tanque de Diesel<br \/>\nEnfriador de estacionamiento<br \/>\nNevera<br \/>\nControl de crucero adaptativo<br \/>\nConjunto completo de spoilers<br \/>\nPTO<br \/>\nAsiento del conductor con calefacci\u00f3n<\/p>\n","protected":false},"excerpt":{"rendered":"<p><strong>Caracter\u00edsticas t\u00e9cnicas<\/strong><\/p>\n<p>Configuraci\u00f3n 4&#215;2<br \/>\nEuronorma\u00a0 6<br \/>\nPoder\u00a0 480 CV<br \/>\nBatalla\u00a0 380<br \/>\nTransmisi\u00f3n\u00a0 Autom\u00e1tica<\/p>\n","protected":false},"featured_media":1437,"template":"","meta":{"_acf_changed":false,"_joinchat":{"telephone":"+56940800059"}},"product_cat":[21],"product_tag":[],"class_list":{"0":"post-1418","1":"product","2":"type-product","3":"status-publish","4":"has-post-thumbnail","6":"product_cat-cabezas","8":"first","9":"instock","10":"sale","11":"shipping-taxable","12":"purchasable","13":"product-type-simple"},"acf":[],"_links":{"self":[{"href":"https:\/\/mundocamiones.com\/en\/wp-json\/wp\/v2\/product\/1418","targetHints":{"allow":["GET"]}}],"collection":[{"href":"https:\/\/mundocamiones.com\/en\/wp-json\/wp\/v2\/product"}],"about":[{"href":"https:\/\/mundocamiones.com\/en\/wp-json\/wp\/v2\/types\/product"}],"wp:featuredmedia":[{"embeddable":true,"href":"https:\/\/mundocamiones.com\/en\/wp-json\/wp\/v2\/media\/1437"}],"wp:attachment":[{"href":"https:\/\/mundocamiones.com\/en\/wp-json\/wp\/v2\/media?parent=1418"}],"wp:term":[{"taxonomy":"product_cat","embeddable":true,"href":"https:\/\/mundocamiones.com\/en\/wp-json\/wp\/v2\/product_cat?post=1418"},{"taxonomy":"product_tag","embeddable":true,"href":"https:\/\/mundocamiones.com\/en\/wp-json\/wp\/v2\/product_tag?post=1418"}],"curies":[{"name":"wp","href":"https:\/\/api.w.org\/{rel}","templated":true}]}}