{"id":2158,"date":"2023-09-03T17:53:23","date_gmt":"2023-09-03T17:53:23","guid":{"rendered":"https:\/\/mundocamiones.com\/?post_type=product&#038;p=2158"},"modified":"2023-09-03T18:04:09","modified_gmt":"2023-09-03T18:04:09","slug":"honda-cbr-400cc-ano-2015","status":"publish","type":"product","link":"https:\/\/mundocamiones.com\/en\/producto\/honda-cbr-400cc-ano-2015\/","title":{"rendered":"Honda CBR 400cc a\u00f1o 2015"},"content":{"rendered":"<p>Moto Honda CBR 400 a\u00f1o 2015 en excelente estado. Es reci\u00e9n llegado de Jap\u00f3n. Realizamos env\u00edos nacionales e internacionales.<\/p>\n","protected":false},"excerpt":{"rendered":"<p>Moto Honda CBR 400 a\u00f1o 2015 en excelente estado. Es reci\u00e9n llegado de Jap\u00f3n. Realizamos env\u00edos nacionales e internacionales.<\/p>\n","protected":false},"featured_media":2150,"template":"","meta":{"_acf_changed":false,"_joinchat":[]},"product_cat":[84],"product_tag":[],"class_list":{"0":"post-2158","1":"product","2":"type-product","3":"status-publish","4":"has-post-thumbnail","6":"product_cat-motos","8":"first","9":"instock","10":"sale","11":"shipping-taxable","12":"purchasable","13":"product-type-simple"},"acf":[],"_links":{"self":[{"href":"https:\/\/mundocamiones.com\/en\/wp-json\/wp\/v2\/product\/2158","targetHints":{"allow":["GET"]}}],"collection":[{"href":"https:\/\/mundocamiones.com\/en\/wp-json\/wp\/v2\/product"}],"about":[{"href":"https:\/\/mundocamiones.com\/en\/wp-json\/wp\/v2\/types\/product"}],"wp:featuredmedia":[{"embeddable":true,"href":"https:\/\/mundocamiones.com\/en\/wp-json\/wp\/v2\/media\/2150"}],"wp:attachment":[{"href":"https:\/\/mundocamiones.com\/en\/wp-json\/wp\/v2\/media?parent=2158"}],"wp:term":[{"taxonomy":"product_cat","embeddable":true,"href":"https:\/\/mundocamiones.com\/en\/wp-json\/wp\/v2\/product_cat?post=2158"},{"taxonomy":"product_tag","embeddable":true,"href":"https:\/\/mundocamiones.com\/en\/wp-json\/wp\/v2\/product_tag?post=2158"}],"curies":[{"name":"wp","href":"https:\/\/api.w.org\/{rel}","templated":true}]}}