{"id":2170,"date":"2023-09-04T16:11:25","date_gmt":"2023-09-04T16:11:25","guid":{"rendered":"https:\/\/mundocamiones.com\/?post_type=product&#038;p=2170"},"modified":"2023-09-05T15:56:31","modified_gmt":"2023-09-05T15:56:31","slug":"2021-aficion-540-uff-luxe","status":"publish","type":"product","link":"https:\/\/mundocamiones.com\/en\/producto\/2021-aficion-540-uff-luxe\/","title":{"rendered":"2021 CASA RODANTE AFICION 540 UFF LUXE"},"content":{"rendered":"","protected":false},"excerpt":{"rendered":"<p>Cubierta de pluma, calefacci\u00f3n, calentador de agua, control de energ\u00eda equipo de tv, frigor\u00edfico grande, mosquitero y estabilizador.<\/p>\n","protected":false},"featured_media":2160,"template":"","meta":{"_acf_changed":false,"_joinchat":[]},"product_cat":[28],"product_tag":[],"class_list":{"0":"post-2170","1":"product","2":"type-product","3":"status-publish","4":"has-post-thumbnail","6":"product_cat-campers","8":"first","9":"instock","10":"shipping-taxable","11":"purchasable","12":"product-type-simple"},"acf":[],"_links":{"self":[{"href":"https:\/\/mundocamiones.com\/en\/wp-json\/wp\/v2\/product\/2170","targetHints":{"allow":["GET"]}}],"collection":[{"href":"https:\/\/mundocamiones.com\/en\/wp-json\/wp\/v2\/product"}],"about":[{"href":"https:\/\/mundocamiones.com\/en\/wp-json\/wp\/v2\/types\/product"}],"wp:featuredmedia":[{"embeddable":true,"href":"https:\/\/mundocamiones.com\/en\/wp-json\/wp\/v2\/media\/2160"}],"wp:attachment":[{"href":"https:\/\/mundocamiones.com\/en\/wp-json\/wp\/v2\/media?parent=2170"}],"wp:term":[{"taxonomy":"product_cat","embeddable":true,"href":"https:\/\/mundocamiones.com\/en\/wp-json\/wp\/v2\/product_cat?post=2170"},{"taxonomy":"product_tag","embeddable":true,"href":"https:\/\/mundocamiones.com\/en\/wp-json\/wp\/v2\/product_tag?post=2170"}],"curies":[{"name":"wp","href":"https:\/\/api.w.org\/{rel}","templated":true}]}}