{"id":2863,"date":"2023-10-27T15:26:39","date_gmt":"2023-10-27T15:26:39","guid":{"rendered":"https:\/\/mundocamiones.com\/?post_type=product&#038;p=2863"},"modified":"2023-10-27T20:18:51","modified_gmt":"2023-10-27T20:18:51","slug":"grua-grove-tms-540-de-45-toneladas-ano-2005","status":"publish","type":"product","link":"https:\/\/mundocamiones.com\/en\/producto\/grua-grove-tms-540-de-45-toneladas-ano-2005\/","title":{"rendered":"Grua Grove TMS 540 de 45 toneladas a\u00f1o 2005"},"content":{"rendered":"<blockquote><p>&nbsp;<\/p><\/blockquote>\n","protected":false},"excerpt":{"rendered":"<p>La gr\u00faa telesc\u00f3pica est\u00e1 en excelente estado puede probar, es de 45 toneladas y cuenta con gancho auxiliar como se ve en la foto.<\/p>\n<p>Procedencia: Estados Unidos<\/p>\n<blockquote><p>Una maquinaria gr\u00faa telesc\u00f3pica de izaje de alta gama.<\/p><\/blockquote>\n<p>Puede visitarnos en la oficina para probar y ver la gr\u00faa.<\/p>\n<p>Se realiza env\u00edos a Bolivia, Per\u00fa, Paraguay y m\u00e1s.<\/p>\n<p>Tiene todo los papeles al d\u00eda.<\/p>\n","protected":false},"featured_media":2864,"template":"","meta":{"_acf_changed":false,"_joinchat":[]},"product_cat":[83],"product_tag":[],"class_list":{"0":"post-2863","1":"product","2":"type-product","3":"status-publish","4":"has-post-thumbnail","6":"product_cat-gruas","8":"first","9":"instock","10":"sale","11":"shipping-taxable","12":"purchasable","13":"product-type-simple"},"acf":[],"_links":{"self":[{"href":"https:\/\/mundocamiones.com\/en\/wp-json\/wp\/v2\/product\/2863","targetHints":{"allow":["GET"]}}],"collection":[{"href":"https:\/\/mundocamiones.com\/en\/wp-json\/wp\/v2\/product"}],"about":[{"href":"https:\/\/mundocamiones.com\/en\/wp-json\/wp\/v2\/types\/product"}],"wp:featuredmedia":[{"embeddable":true,"href":"https:\/\/mundocamiones.com\/en\/wp-json\/wp\/v2\/media\/2864"}],"wp:attachment":[{"href":"https:\/\/mundocamiones.com\/en\/wp-json\/wp\/v2\/media?parent=2863"}],"wp:term":[{"taxonomy":"product_cat","embeddable":true,"href":"https:\/\/mundocamiones.com\/en\/wp-json\/wp\/v2\/product_cat?post=2863"},{"taxonomy":"product_tag","embeddable":true,"href":"https:\/\/mundocamiones.com\/en\/wp-json\/wp\/v2\/product_tag?post=2863"}],"curies":[{"name":"wp","href":"https:\/\/api.w.org\/{rel}","templated":true}]}}