{"id":3018,"date":"2023-10-28T16:05:28","date_gmt":"2023-10-28T16:05:28","guid":{"rendered":"https:\/\/mundocamiones.com\/?post_type=product&#038;p=3018"},"modified":"2023-11-07T14:21:28","modified_gmt":"2023-11-07T14:21:28","slug":"1999-camion-grua-daewoo","status":"publish","type":"product","link":"https:\/\/mundocamiones.com\/en\/producto\/1999-camion-grua-daewoo\/","title":{"rendered":"CAMION GR\u00daA DAEWOO A\u00d1O 1999, PLUMA MARACA TADANO, MOTOR VOLVO TD70 TURBO"},"content":{"rendered":"<p>1) Cami\u00f3n en buen estado y listo para trabajar.<\/p>\n<p>2) el cami\u00f3n se encuentra en Iquique Chile, pueden visitar nuestras oficinas y hacer las pruebas de funcionamiento.<\/p>\n<p>El cami\u00f3n se encuentra en buen estado, puede venir a probar y analizar.<\/p>\n<p>La pluma es maraca Tadano y funcionando, tiene motor volvo TD70, lleva el mismo motor de volvo F7. Para mayor informaci\u00f3n vis\u00edtanos o ll\u00e1menos a n\u00fameros.<\/p>\n","protected":false},"excerpt":{"rendered":"<blockquote>\n<p style=\"text-align: center\">\n<\/blockquote>\n","protected":false},"featured_media":3019,"template":"","meta":{"_acf_changed":false,"_joinchat":[]},"product_cat":[30],"product_tag":[],"class_list":{"0":"post-3018","1":"product","2":"type-product","3":"status-publish","4":"has-post-thumbnail","6":"product_cat-carga","8":"first","9":"instock","10":"sale","11":"shipping-taxable","12":"purchasable","13":"product-type-simple"},"acf":[],"_links":{"self":[{"href":"https:\/\/mundocamiones.com\/en\/wp-json\/wp\/v2\/product\/3018","targetHints":{"allow":["GET"]}}],"collection":[{"href":"https:\/\/mundocamiones.com\/en\/wp-json\/wp\/v2\/product"}],"about":[{"href":"https:\/\/mundocamiones.com\/en\/wp-json\/wp\/v2\/types\/product"}],"wp:featuredmedia":[{"embeddable":true,"href":"https:\/\/mundocamiones.com\/en\/wp-json\/wp\/v2\/media\/3019"}],"wp:attachment":[{"href":"https:\/\/mundocamiones.com\/en\/wp-json\/wp\/v2\/media?parent=3018"}],"wp:term":[{"taxonomy":"product_cat","embeddable":true,"href":"https:\/\/mundocamiones.com\/en\/wp-json\/wp\/v2\/product_cat?post=3018"},{"taxonomy":"product_tag","embeddable":true,"href":"https:\/\/mundocamiones.com\/en\/wp-json\/wp\/v2\/product_tag?post=3018"}],"curies":[{"name":"wp","href":"https:\/\/api.w.org\/{rel}","templated":true}]}}