{"id":3045,"date":"2023-10-28T19:01:08","date_gmt":"2023-10-28T19:01:08","guid":{"rendered":"https:\/\/mundocamiones.com\/?post_type=product&#038;p=3045"},"modified":"2023-10-28T19:39:12","modified_gmt":"2023-10-28T19:39:12","slug":"1988-camion-con-pluma-iveco-m11-168","status":"publish","type":"product","link":"https:\/\/mundocamiones.com\/en\/producto\/1988-camion-con-pluma-iveco-m11-168\/","title":{"rendered":"1988 CAMI\u00d3N CON PLUMA IVECO \/ M11-168"},"content":{"rendered":"<p>1) Cami\u00f3n con pluma 4 pa\u00f1os CB-2900<\/p>\n<p>2) No posee multas<\/p>\n<p>3) Pueden visitar el almac\u00e9n en Iquique Alto Hospicio y hacer las pruebas de funcionamiento<\/p>\n<p>&nbsp;<\/p>\n","protected":false},"excerpt":{"rendered":"<p>1) Cami\u00f3n con pluma 4 pa\u00f1os CB-2900 2) No posee multas 3) Pueden visitar el almac\u00e9n en Iquique Alto Hospicio y hacer las pruebas de funcionamiento &nbsp;<\/p>\n","protected":false},"featured_media":3072,"template":"","meta":{"_acf_changed":false,"_joinchat":[]},"product_cat":[30],"product_tag":[],"class_list":{"0":"post-3045","1":"product","2":"type-product","3":"status-publish","4":"has-post-thumbnail","6":"product_cat-carga","8":"first","9":"instock","10":"sale","11":"shipping-taxable","12":"purchasable","13":"product-type-simple"},"acf":[],"_links":{"self":[{"href":"https:\/\/mundocamiones.com\/en\/wp-json\/wp\/v2\/product\/3045","targetHints":{"allow":["GET"]}}],"collection":[{"href":"https:\/\/mundocamiones.com\/en\/wp-json\/wp\/v2\/product"}],"about":[{"href":"https:\/\/mundocamiones.com\/en\/wp-json\/wp\/v2\/types\/product"}],"wp:featuredmedia":[{"embeddable":true,"href":"https:\/\/mundocamiones.com\/en\/wp-json\/wp\/v2\/media\/3072"}],"wp:attachment":[{"href":"https:\/\/mundocamiones.com\/en\/wp-json\/wp\/v2\/media?parent=3045"}],"wp:term":[{"taxonomy":"product_cat","embeddable":true,"href":"https:\/\/mundocamiones.com\/en\/wp-json\/wp\/v2\/product_cat?post=3045"},{"taxonomy":"product_tag","embeddable":true,"href":"https:\/\/mundocamiones.com\/en\/wp-json\/wp\/v2\/product_tag?post=3045"}],"curies":[{"name":"wp","href":"https:\/\/api.w.org\/{rel}","templated":true}]}}