{"id":3232,"date":"2023-10-31T20:57:24","date_gmt":"2023-10-31T20:57:24","guid":{"rendered":"https:\/\/mundocamiones.com\/?post_type=product&#038;p=3232"},"modified":"2024-02-13T23:36:44","modified_gmt":"2024-02-13T23:36:44","slug":"1989-graua-tadano-tl-151","status":"publish","type":"product","link":"https:\/\/mundocamiones.com\/en\/producto\/1989-graua-tadano-tl-151\/","title":{"rendered":"1989 GRAUA TADANO TL 151 DE 18T 6&#215;4"},"content":{"rendered":"","protected":false},"excerpt":{"rendered":"<p>gr\u00faa maraca TADANO de alto tonelaje de 18 toneladas, es una gr\u00faa muy vers\u00e1til 6X4, es un cami\u00f3n gr\u00faa LIBERADA(para todo chile). es una maquinaria muy vers\u00e1til por su estructura. esta en excelente estado, solo desgaste de uso como todo veh\u00edculo usado. los papales est\u00e1n atrasado. quedo parado hace tiempo por un tema de revisi\u00f3n t\u00e9cnica.<br \/>\nLa gr\u00faa se encuentra en Alto Hospicio Iquique, pueden visitar en los galpones de MUNDOCAMIONES.COM y realizar las pruebas de funcionamiento.<\/p>\n","protected":false},"featured_media":3233,"template":"","meta":{"_acf_changed":false,"_joinchat":[]},"product_cat":[29],"product_tag":[],"class_list":{"0":"post-3232","1":"product","2":"type-product","3":"status-publish","4":"has-post-thumbnail","6":"product_cat-construccion","8":"first","9":"instock","10":"sale","11":"shipping-taxable","12":"purchasable","13":"product-type-simple"},"acf":[],"_links":{"self":[{"href":"https:\/\/mundocamiones.com\/en\/wp-json\/wp\/v2\/product\/3232","targetHints":{"allow":["GET"]}}],"collection":[{"href":"https:\/\/mundocamiones.com\/en\/wp-json\/wp\/v2\/product"}],"about":[{"href":"https:\/\/mundocamiones.com\/en\/wp-json\/wp\/v2\/types\/product"}],"wp:featuredmedia":[{"embeddable":true,"href":"https:\/\/mundocamiones.com\/en\/wp-json\/wp\/v2\/media\/3233"}],"wp:attachment":[{"href":"https:\/\/mundocamiones.com\/en\/wp-json\/wp\/v2\/media?parent=3232"}],"wp:term":[{"taxonomy":"product_cat","embeddable":true,"href":"https:\/\/mundocamiones.com\/en\/wp-json\/wp\/v2\/product_cat?post=3232"},{"taxonomy":"product_tag","embeddable":true,"href":"https:\/\/mundocamiones.com\/en\/wp-json\/wp\/v2\/product_tag?post=3232"}],"curies":[{"name":"wp","href":"https:\/\/api.w.org\/{rel}","templated":true}]}}